{"id":15,"date":"2021-01-07T22:52:44","date_gmt":"2021-01-07T22:52:44","guid":{"rendered":"https:\/\/demo.megathe.me\/test2\/andy\/?page_id=15"},"modified":"2023-04-22T12:30:02","modified_gmt":"2023-04-22T10:30:02","slug":"info","status":"publish","type":"page","link":"https:\/\/ld-design.fr\/art_architecture_design\/index.php\/info\/","title":{"rendered":"Info"},"content":{"rendered":"<p>[vc_row el_class=&#8221;no-margin full-width special&#8221; css=&#8221;.vc_custom_1616524687800{background-color: #f5f5f5 !important;}&#8221;][vc_column width=&#8221;1\/2&#8243; css=&#8221;.vc_custom_1603107296693{padding-top: 50px !important;padding-bottom: 50px !important;}&#8221;][vc_column_text el_class=&#8221;link-transition&#8221;]Prises de vues sp\u00e9cialis\u00e9es en reproductions d&#8217;oeuvres d&#8217;art (peintures, dessins, sculptures&#8230;), d&#8217;objets et d&#8217;architecture (b\u00e2timents, visites virtuelles et int\u00e9rieurs, r\u00e9novations, d\u00e9co&#8230;). Je travaille pour les professionnels, galeries et particuliers.<\/p>\n<p>&nbsp;<\/p>\n<p>N&#8217;h\u00e9sitez pas \u00e0 me contacter pour toute demande de devis.<\/p>\n<h2>Contacts<\/h2>\n<p><a href=\"tel: +33786424249\">+33786424249<\/a><br \/>\n<a href=\"mailto:didac@didacballester.com\">loduca.remi@gmail.com<\/a><\/p>\n<p><a href=\"https:\/\/www.instagram.com\/remi_lo_duca\/\" target=\"_blank\" rel=\"noopener\">Instagram<\/a><br \/>\n<a href=\"https:\/\/www.linkedin.com\/in\/loduca\/\" target=\"_blank\" rel=\"noopener\">LinkedIn<\/a><\/p>\n<h2>Clients:<\/h2>\n<p>Airbnb<br \/>\nGalerie Kr\u00e9o<br \/>\nLaetitia Andrighetto &amp; Jean-Charles Miot<br \/>\nMJS<br \/>\n&#8230;[\/vc_column_text][\/vc_column][vc_column width=&#8221;1\/2&#8243;][vc_single_image image=&#8221;264&#8243; img_size=&#8221;full&#8221; alignment=&#8221;center&#8221; lazyload=&#8221;1&#8243;][\/vc_column][\/vc_row]<\/p>\n","protected":false},"excerpt":{"rendered":"<p>[vc_row el_class=&#8221;no-margin full-width special&#8221; css=&#8221;.vc_custom_1616524687800{background-color: #f5f5f5 !important;}&#8221;][vc_column width=&#8221;1\/2&#8243; css=&#8221;.vc_custom_1603107296693{padding-top: 50px !important;padding-bottom: 50px !important;}&#8221;][vc_column_text el_class=&#8221;link-transition&#8221;]Prises de vues sp\u00e9cialis\u00e9es en reproductions d&#8217;oeuvres d&#8217;art (peintures, dessins, sculptures&#8230;), d&#8217;objets et d&#8217;architecture (b\u00e2timents, visites virtuelles et int\u00e9rieurs, r\u00e9novations, d\u00e9co&#8230;). Je travaille pour les professionnels, galeries et particuliers. &nbsp; N&#8217;h\u00e9sitez pas \u00e0 me contacter pour toute demande de devis. Contacts +33786424249 &hellip;<\/p>\n","protected":false},"author":1,"featured_media":0,"parent":0,"menu_order":0,"comment_status":"closed","ping_status":"closed","template":"blank-page.php","meta":{"footnotes":""},"class_list":["post-15","page","type-page","status-publish","hentry"],"_links":{"self":[{"href":"https:\/\/ld-design.fr\/art_architecture_design\/index.php\/wp-json\/wp\/v2\/pages\/15","targetHints":{"allow":["GET"]}}],"collection":[{"href":"https:\/\/ld-design.fr\/art_architecture_design\/index.php\/wp-json\/wp\/v2\/pages"}],"about":[{"href":"https:\/\/ld-design.fr\/art_architecture_design\/index.php\/wp-json\/wp\/v2\/types\/page"}],"author":[{"embeddable":true,"href":"https:\/\/ld-design.fr\/art_architecture_design\/index.php\/wp-json\/wp\/v2\/users\/1"}],"replies":[{"embeddable":true,"href":"https:\/\/ld-design.fr\/art_architecture_design\/index.php\/wp-json\/wp\/v2\/comments?post=15"}],"version-history":[{"count":8,"href":"https:\/\/ld-design.fr\/art_architecture_design\/index.php\/wp-json\/wp\/v2\/pages\/15\/revisions"}],"predecessor-version":[{"id":386,"href":"https:\/\/ld-design.fr\/art_architecture_design\/index.php\/wp-json\/wp\/v2\/pages\/15\/revisions\/386"}],"wp:attachment":[{"href":"https:\/\/ld-design.fr\/art_architecture_design\/index.php\/wp-json\/wp\/v2\/media?parent=15"}],"curies":[{"name":"wp","href":"https:\/\/api.w.org\/{rel}","templated":true}]}}